{"id":6,"date":"2023-12-23T01:04:07","date_gmt":"2023-12-23T00:04:07","guid":{"rendered":"https:\/\/bess-power.com\/?page_id=6"},"modified":"2024-01-25T00:09:00","modified_gmt":"2024-01-24T23:09:00","slug":"home","status":"publish","type":"page","link":"https:\/\/bess-power.com\/en\/","title":{"rendered":"Homepage"},"content":{"rendered":"<div data-elementor-type=\"wp-page\" data-elementor-id=\"6\" class=\"elementor elementor-6\">\n\t\t\t\t<div class=\"elementor-element elementor-element-5526b29 e-flex e-con-boxed e-con e-parent\" data-id=\"5526b29\" data-element_type=\"container\" data-e-type=\"container\" data-settings=\"{&quot;background_background&quot;:&quot;classic&quot;}\">\n\t\t\t\t\t<div class=\"e-con-inner\">\n\t\t<div class=\"elementor-element elementor-element-2efd272 e-flex e-con-boxed e-con e-child\" data-id=\"2efd272\" data-element_type=\"container\" data-e-type=\"container\">\n\t\t\t\t\t<div class=\"e-con-inner\">\n\t\t\t\t<div class=\"elementor-element elementor-element-5844e8b elementor-widget elementor-widget-image\" data-id=\"5844e8b\" data-element_type=\"widget\" data-e-type=\"widget\" data-widget_type=\"image.default\">\n\t\t\t\t<div class=\"elementor-widget-container\">\n\t\t\t\t\t\t\t\t\t\t\t\t\t\t\t<img decoding=\"async\" width=\"300\" height=\"125\" src=\"https:\/\/bess-power.com\/wp-content\/uploads\/2023\/12\/cropped-LOGO-BESS-GmbH-gruen-Kopie-300x125.png\" class=\"attachment-medium size-medium wp-image-48\" alt=\"\" srcset=\"https:\/\/bess-power.com\/wp-content\/uploads\/2023\/12\/cropped-LOGO-BESS-GmbH-gruen-Kopie-300x125.png 300w, https:\/\/bess-power.com\/wp-content\/uploads\/2023\/12\/cropped-LOGO-BESS-GmbH-gruen-Kopie-1024x428.png 1024w, https:\/\/bess-power.com\/wp-content\/uploads\/2023\/12\/cropped-LOGO-BESS-GmbH-gruen-Kopie-768x321.png 768w, https:\/\/bess-power.com\/wp-content\/uploads\/2023\/12\/cropped-LOGO-BESS-GmbH-gruen-Kopie-1536x642.png 1536w, https:\/\/bess-power.com\/wp-content\/uploads\/2023\/12\/cropped-LOGO-BESS-GmbH-gruen-Kopie-2048x856.png 2048w\" sizes=\"(max-width: 300px) 100vw, 300px\" \/>\t\t\t\t\t\t\t\t\t\t\t\t\t\t\t<\/div>\n\t\t\t\t<\/div>\n\t\t\t\t\t<\/div>\n\t\t\t\t<\/div>\n\t\t\t\t\t<\/div>\n\t\t\t\t<\/div>\n\t\t<div class=\"elementor-element elementor-element-ab2519b e-flex e-con-boxed e-con e-parent\" data-id=\"ab2519b\" data-element_type=\"container\" data-e-type=\"container\">\n\t\t\t\t\t<div class=\"e-con-inner\">\n\t\t\t\t<div class=\"elementor-element elementor-element-b9ac77a elementor-widget-divider--view-line_icon elementor-view-default elementor-widget-divider--element-align-center elementor-widget elementor-widget-divider\" data-id=\"b9ac77a\" data-element_type=\"widget\" data-e-type=\"widget\" data-widget_type=\"divider.default\">\n\t\t\t\t<div class=\"elementor-widget-container\">\n\t\t\t\t\t\t\t<div class=\"elementor-divider\">\n\t\t\t<span class=\"elementor-divider-separator\">\n\t\t\t\t\t\t\t<div class=\"elementor-icon elementor-divider__element\">\n\t\t\t\t\t<svg aria-hidden=\"true\" class=\"e-font-icon-svg e-fas-battery-full\" viewbox=\"0 0 640 512\" xmlns=\"http:\/\/www.w3.org\/2000\/svg\"><path d=\"M544 160v64h32v64h-32v64H64V160h480m16-64H48c-26.51 0-48 21.49-48 48v224c0 26.51 21.49 48 48 48h512c26.51 0 48-21.49 48-48v-16h8c13.255 0 24-10.745 24-24V184c0-13.255-10.745-24-24-24h-8v-16c0-26.51-21.49-48-48-48zm-48 96H96v128h416V192z\"><\/path><\/svg><\/div>\n\t\t\t\t\t\t<\/span>\n\t\t<\/div>\n\t\t\t\t\t\t<\/div>\n\t\t\t\t<\/div>\n\t\t\t\t\t<\/div>\n\t\t\t\t<\/div>\n\t\t<div class=\"elementor-element elementor-element-ab4a3b4 e-flex e-con-boxed e-con e-parent\" data-id=\"ab4a3b4\" data-element_type=\"container\" data-e-type=\"container\">\n\t\t\t\t\t<div class=\"e-con-inner\">\n\t\t<div class=\"elementor-element elementor-element-d6fe980 e-con-full e-flex e-con e-child\" data-id=\"d6fe980\" data-element_type=\"container\" data-e-type=\"container\">\n\t\t\t\t<div class=\"elementor-element elementor-element-69ad061 elementor-widget elementor-widget-heading\" data-id=\"69ad061\" data-element_type=\"widget\" data-e-type=\"widget\" data-widget_type=\"heading.default\">\n\t\t\t\t<div class=\"elementor-widget-container\">\n\t\t\t\t\t<h2 class=\"elementor-heading-title elementor-size-default\">Safe and Reliable<\/h2>\t\t\t\t<\/div>\n\t\t\t\t<\/div>\n\t\t\t\t<div class=\"elementor-element elementor-element-2f1f6d0 elementor-widget elementor-widget-text-editor\" data-id=\"2f1f6d0\" data-element_type=\"widget\" data-e-type=\"widget\" data-widget_type=\"text-editor.default\">\n\t\t\t\t<div class=\"elementor-widget-container\">\n\t\t\t\t\t\t\t\t\t<ul><li>Approved industry certification of Cell pass test\nby UL\/IEC<\/li><li>Multi-level design for fire control<\/li><li>Built-in early warning detection system<\/li><li>IP 54 rating for enclosure<\/li><\/ul>\t\t\t\t\t\t\t\t<\/div>\n\t\t\t\t<\/div>\n\t\t\t\t<\/div>\n\t\t<div class=\"elementor-element elementor-element-cb33991 e-flex e-con-boxed e-con e-child\" data-id=\"cb33991\" data-element_type=\"container\" data-e-type=\"container\">\n\t\t\t\t\t<div class=\"e-con-inner\">\n\t\t\t\t<div class=\"elementor-element elementor-element-028d353 elementor-widget elementor-widget-image\" data-id=\"028d353\" data-element_type=\"widget\" data-e-type=\"widget\" data-widget_type=\"image.default\">\n\t\t\t\t<div class=\"elementor-widget-container\">\n\t\t\t\t\t\t\t\t\t\t\t\t\t\t\t<img fetchpriority=\"high\" decoding=\"async\" width=\"300\" height=\"187\" src=\"https:\/\/bess-power.com\/wp-content\/uploads\/2023\/12\/2.-Containerized-Liquid-Cooling-ESS-VE-3440-L-300x187.png\" class=\"attachment-medium size-medium wp-image-126\" alt=\"\" srcset=\"https:\/\/bess-power.com\/wp-content\/uploads\/2023\/12\/2.-Containerized-Liquid-Cooling-ESS-VE-3440-L-300x187.png 300w, https:\/\/bess-power.com\/wp-content\/uploads\/2023\/12\/2.-Containerized-Liquid-Cooling-ESS-VE-3440-L-1024x640.png 1024w, https:\/\/bess-power.com\/wp-content\/uploads\/2023\/12\/2.-Containerized-Liquid-Cooling-ESS-VE-3440-L-768x480.png 768w, https:\/\/bess-power.com\/wp-content\/uploads\/2023\/12\/2.-Containerized-Liquid-Cooling-ESS-VE-3440-L-1536x960.png 1536w, https:\/\/bess-power.com\/wp-content\/uploads\/2023\/12\/2.-Containerized-Liquid-Cooling-ESS-VE-3440-L-2048x1279.png 2048w\" sizes=\"(max-width: 300px) 100vw, 300px\" \/>\t\t\t\t\t\t\t\t\t\t\t\t\t\t\t<\/div>\n\t\t\t\t<\/div>\n\t\t\t\t\t<\/div>\n\t\t\t\t<\/div>\n\t\t\t\t\t<\/div>\n\t\t\t\t<\/div>\n\t\t<div class=\"elementor-element elementor-element-6e5aeb8 e-flex e-con-boxed e-con e-parent\" data-id=\"6e5aeb8\" data-element_type=\"container\" data-e-type=\"container\">\n\t\t\t\t\t<div class=\"e-con-inner\">\n\t\t<div class=\"elementor-element elementor-element-b88b39c e-con-full e-flex e-con e-child\" data-id=\"b88b39c\" data-element_type=\"container\" data-e-type=\"container\">\n\t\t\t\t<div class=\"elementor-element elementor-element-0860093 elementor-widget elementor-widget-heading\" data-id=\"0860093\" data-element_type=\"widget\" data-e-type=\"widget\" data-widget_type=\"heading.default\">\n\t\t\t\t<div class=\"elementor-widget-container\">\n\t\t\t\t\t<h2 class=\"elementor-heading-title elementor-size-default\">Efficient and Durable<\/h2>\t\t\t\t<\/div>\n\t\t\t\t<\/div>\n\t\t\t\t<div class=\"elementor-element elementor-element-32a4ed1 elementor-widget__width-initial elementor-widget elementor-widget-text-editor\" data-id=\"32a4ed1\" data-element_type=\"widget\" data-e-type=\"widget\" data-widget_type=\"text-editor.default\">\n\t\t\t\t<div class=\"elementor-widget-container\">\n\t\t\t\t\t\t\t\t\t<ul><li>Industry leading LFP cell technology up to 10,000\ncycles with high thermal stability<\/li><li>Modular battery and cooling system designed for better temperature control<\/li><\/ul>\t\t\t\t\t\t\t\t<\/div>\n\t\t\t\t<\/div>\n\t\t\t\t<\/div>\n\t\t<div class=\"elementor-element elementor-element-5b3934e e-con-full e-flex e-con e-child\" data-id=\"5b3934e\" data-element_type=\"container\" data-e-type=\"container\">\n\t\t\t\t<div class=\"elementor-element elementor-element-0ecd984 elementor-widget elementor-widget-image\" data-id=\"0ecd984\" data-element_type=\"widget\" data-e-type=\"widget\" data-widget_type=\"image.default\">\n\t\t\t\t<div class=\"elementor-widget-container\">\n\t\t\t\t\t\t\t\t\t\t\t\t\t\t\t<img decoding=\"async\" width=\"300\" height=\"208\" src=\"https:\/\/bess-power.com\/wp-content\/uploads\/2023\/12\/1.-Cabinet-Liquid-Cooling-ESS-VE-371-L-2-300x208.png\" class=\"attachment-medium size-medium wp-image-120\" alt=\"\" srcset=\"https:\/\/bess-power.com\/wp-content\/uploads\/2023\/12\/1.-Cabinet-Liquid-Cooling-ESS-VE-371-L-2-300x208.png 300w, https:\/\/bess-power.com\/wp-content\/uploads\/2023\/12\/1.-Cabinet-Liquid-Cooling-ESS-VE-371-L-2-1024x710.png 1024w, https:\/\/bess-power.com\/wp-content\/uploads\/2023\/12\/1.-Cabinet-Liquid-Cooling-ESS-VE-371-L-2-768x532.png 768w, https:\/\/bess-power.com\/wp-content\/uploads\/2023\/12\/1.-Cabinet-Liquid-Cooling-ESS-VE-371-L-2-1536x1064.png 1536w, https:\/\/bess-power.com\/wp-content\/uploads\/2023\/12\/1.-Cabinet-Liquid-Cooling-ESS-VE-371-L-2-2048x1419.png 2048w\" sizes=\"(max-width: 300px) 100vw, 300px\" \/>\t\t\t\t\t\t\t\t\t\t\t\t\t\t\t<\/div>\n\t\t\t\t<\/div>\n\t\t\t\t<\/div>\n\t\t\t\t\t<\/div>\n\t\t\t\t<\/div>\n\t\t<div class=\"elementor-element elementor-element-039d97f e-flex e-con-boxed e-con e-parent\" data-id=\"039d97f\" data-element_type=\"container\" data-e-type=\"container\">\n\t\t\t\t\t<div class=\"e-con-inner\">\n\t\t\t\t<div class=\"elementor-element elementor-element-dfe379c elementor-widget-divider--view-line_icon elementor-view-default elementor-widget-divider--element-align-center elementor-widget elementor-widget-divider\" data-id=\"dfe379c\" data-element_type=\"widget\" data-e-type=\"widget\" data-widget_type=\"divider.default\">\n\t\t\t\t<div class=\"elementor-widget-container\">\n\t\t\t\t\t\t\t<div class=\"elementor-divider\">\n\t\t\t<span class=\"elementor-divider-separator\">\n\t\t\t\t\t\t\t<div class=\"elementor-icon elementor-divider__element\">\n\t\t\t\t\t<svg aria-hidden=\"true\" class=\"e-font-icon-svg e-fas-battery-full\" viewbox=\"0 0 640 512\" xmlns=\"http:\/\/www.w3.org\/2000\/svg\"><path d=\"M544 160v64h32v64h-32v64H64V160h480m16-64H48c-26.51 0-48 21.49-48 48v224c0 26.51 21.49 48 48 48h512c26.51 0 48-21.49 48-48v-16h8c13.255 0 24-10.745 24-24V184c0-13.255-10.745-24-24-24h-8v-16c0-26.51-21.49-48-48-48zm-48 96H96v128h416V192z\"><\/path><\/svg><\/div>\n\t\t\t\t\t\t<\/span>\n\t\t<\/div>\n\t\t\t\t\t\t<\/div>\n\t\t\t\t<\/div>\n\t\t\t\t\t<\/div>\n\t\t\t\t<\/div>\n\t\t<div class=\"elementor-element elementor-element-ca467cd e-flex e-con-boxed e-con e-parent\" data-id=\"ca467cd\" data-element_type=\"container\" data-e-type=\"container\" data-settings=\"{&quot;background_background&quot;:&quot;classic&quot;}\">\n\t\t\t\t\t<div class=\"e-con-inner\">\n\t\t<div class=\"elementor-element elementor-element-8175797 e-flex e-con-boxed e-con e-child\" data-id=\"8175797\" data-element_type=\"container\" data-e-type=\"container\">\n\t\t\t\t\t<div class=\"e-con-inner\">\n\t\t\t\t\t<\/div>\n\t\t\t\t<\/div>\n\t\t\t\t\t<\/div>\n\t\t\t\t<\/div>\n\t\t<div class=\"elementor-element elementor-element-3387e39 e-flex e-con-boxed e-con e-parent\" data-id=\"3387e39\" data-element_type=\"container\" data-e-type=\"container\">\n\t\t\t\t\t<div class=\"e-con-inner\">\n\t\t\t\t<div class=\"elementor-element elementor-element-c06e804 elementor-widget-divider--view-line_icon elementor-view-default elementor-widget-divider--element-align-center elementor-widget elementor-widget-divider\" data-id=\"c06e804\" data-element_type=\"widget\" data-e-type=\"widget\" data-widget_type=\"divider.default\">\n\t\t\t\t<div class=\"elementor-widget-container\">\n\t\t\t\t\t\t\t<div class=\"elementor-divider\">\n\t\t\t<span class=\"elementor-divider-separator\">\n\t\t\t\t\t\t\t<div class=\"elementor-icon elementor-divider__element\">\n\t\t\t\t\t<svg aria-hidden=\"true\" class=\"e-font-icon-svg e-fas-battery-full\" viewbox=\"0 0 640 512\" xmlns=\"http:\/\/www.w3.org\/2000\/svg\"><path d=\"M544 160v64h32v64h-32v64H64V160h480m16-64H48c-26.51 0-48 21.49-48 48v224c0 26.51 21.49 48 48 48h512c26.51 0 48-21.49 48-48v-16h8c13.255 0 24-10.745 24-24V184c0-13.255-10.745-24-24-24h-8v-16c0-26.51-21.49-48-48-48zm-48 96H96v128h416V192z\"><\/path><\/svg><\/div>\n\t\t\t\t\t\t<\/span>\n\t\t<\/div>\n\t\t\t\t\t\t<\/div>\n\t\t\t\t<\/div>\n\t\t\t\t\t<\/div>\n\t\t\t\t<\/div>\n\t\t<div class=\"elementor-element elementor-element-ec30257 e-flex e-con-boxed e-con e-parent\" data-id=\"ec30257\" data-element_type=\"container\" data-e-type=\"container\">\n\t\t\t\t\t<div class=\"e-con-inner\">\n\t\t<div class=\"elementor-element elementor-element-da64d3d e-con-full e-flex e-con e-child\" data-id=\"da64d3d\" data-element_type=\"container\" data-e-type=\"container\">\n\t\t\t\t<div class=\"elementor-element elementor-element-a58c1d2 elementor-widget elementor-widget-heading\" data-id=\"a58c1d2\" data-element_type=\"widget\" data-e-type=\"widget\" data-widget_type=\"heading.default\">\n\t\t\t\t<div class=\"elementor-widget-container\">\n\t\t\t\t\t<h2 class=\"elementor-heading-title elementor-size-default\">Enhanced Monitoring Control<\/h2>\t\t\t\t<\/div>\n\t\t\t\t<\/div>\n\t\t\t\t<div class=\"elementor-element elementor-element-b9a25bc elementor-widget elementor-widget-text-editor\" data-id=\"b9a25bc\" data-element_type=\"widget\" data-e-type=\"widget\" data-widget_type=\"text-editor.default\">\n\t\t\t\t<div class=\"elementor-widget-container\">\n\t\t\t\t\t\t\t\t\t<ul><li>Integrated performance control for local and\nremote monitoring<\/li><li>Data logging for component level status\nmonitoring.<\/li><li>Real time system operation analysis on terminal\nscreen<\/li><\/ul>\t\t\t\t\t\t\t\t<\/div>\n\t\t\t\t<\/div>\n\t\t\t\t<\/div>\n\t\t<div class=\"elementor-element elementor-element-015f3eb e-flex e-con-boxed e-con e-child\" data-id=\"015f3eb\" data-element_type=\"container\" data-e-type=\"container\">\n\t\t\t\t\t<div class=\"e-con-inner\">\n\t\t\t\t<div class=\"elementor-element elementor-element-63fdbeb elementor-widget elementor-widget-image\" data-id=\"63fdbeb\" data-element_type=\"widget\" data-e-type=\"widget\" data-widget_type=\"image.default\">\n\t\t\t\t<div class=\"elementor-widget-container\">\n\t\t\t\t\t\t\t\t\t\t\t\t\t\t\t<img loading=\"lazy\" decoding=\"async\" width=\"300\" height=\"208\" src=\"https:\/\/bess-power.com\/wp-content\/uploads\/2023\/12\/4.-Containerized-Air-Cooling-ESS-VE-1M-300x208.png\" class=\"attachment-medium size-medium wp-image-124\" alt=\"\" srcset=\"https:\/\/bess-power.com\/wp-content\/uploads\/2023\/12\/4.-Containerized-Air-Cooling-ESS-VE-1M-300x208.png 300w, https:\/\/bess-power.com\/wp-content\/uploads\/2023\/12\/4.-Containerized-Air-Cooling-ESS-VE-1M-1024x710.png 1024w, https:\/\/bess-power.com\/wp-content\/uploads\/2023\/12\/4.-Containerized-Air-Cooling-ESS-VE-1M-768x532.png 768w, https:\/\/bess-power.com\/wp-content\/uploads\/2023\/12\/4.-Containerized-Air-Cooling-ESS-VE-1M-1536x1064.png 1536w, https:\/\/bess-power.com\/wp-content\/uploads\/2023\/12\/4.-Containerized-Air-Cooling-ESS-VE-1M-2048x1419.png 2048w\" sizes=\"(max-width: 300px) 100vw, 300px\" \/>\t\t\t\t\t\t\t\t\t\t\t\t\t\t\t<\/div>\n\t\t\t\t<\/div>\n\t\t\t\t\t<\/div>\n\t\t\t\t<\/div>\n\t\t\t\t\t<\/div>\n\t\t\t\t<\/div>\n\t\t<div class=\"elementor-element elementor-element-8e3af3f e-flex e-con-boxed e-con e-parent\" data-id=\"8e3af3f\" data-element_type=\"container\" data-e-type=\"container\">\n\t\t\t\t\t<div class=\"e-con-inner\">\n\t\t<div class=\"elementor-element elementor-element-4eeb044 e-con-full e-flex e-con e-child\" data-id=\"4eeb044\" data-element_type=\"container\" data-e-type=\"container\">\n\t\t\t\t<div class=\"elementor-element elementor-element-c676fbb elementor-widget elementor-widget-heading\" data-id=\"c676fbb\" data-element_type=\"widget\" data-e-type=\"widget\" data-widget_type=\"heading.default\">\n\t\t\t\t<div class=\"elementor-widget-container\">\n\t\t\t\t\t<h2 class=\"elementor-heading-title elementor-size-default\">Smart and Scalable<\/h2>\t\t\t\t<\/div>\n\t\t\t\t<\/div>\n\t\t\t\t<div class=\"elementor-element elementor-element-d21a09e elementor-widget__width-initial elementor-widget elementor-widget-text-editor\" data-id=\"d21a09e\" data-element_type=\"widget\" data-e-type=\"widget\" data-widget_type=\"text-editor.default\">\n\t\t\t\t<div class=\"elementor-widget-container\">\n\t\t\t\t\t\t\t\t\t<ul><li>Modular design supports ease of installation,\nexpansion, and maintenance<\/li><li>ESS self diagnosis and healing function<\/li><li>Supports remote maintenance and upgrades<\/li><\/ul>\t\t\t\t\t\t\t\t<\/div>\n\t\t\t\t<\/div>\n\t\t\t\t<\/div>\n\t\t<div class=\"elementor-element elementor-element-e81ec1c e-con-full e-flex e-con e-child\" data-id=\"e81ec1c\" data-element_type=\"container\" data-e-type=\"container\">\n\t\t\t\t<div class=\"elementor-element elementor-element-e11218a elementor-widget elementor-widget-image\" data-id=\"e11218a\" data-element_type=\"widget\" data-e-type=\"widget\" data-widget_type=\"image.default\">\n\t\t\t\t<div class=\"elementor-widget-container\">\n\t\t\t\t\t\t\t\t\t\t\t\t\t\t\t<img loading=\"lazy\" decoding=\"async\" width=\"270\" height=\"300\" src=\"https:\/\/bess-power.com\/wp-content\/uploads\/2023\/12\/1.-Cabinet-Air-Cooling-ESS-VE-215-270x300.png\" class=\"attachment-medium size-medium wp-image-100\" alt=\"\" srcset=\"https:\/\/bess-power.com\/wp-content\/uploads\/2023\/12\/1.-Cabinet-Air-Cooling-ESS-VE-215-270x300.png 270w, https:\/\/bess-power.com\/wp-content\/uploads\/2023\/12\/1.-Cabinet-Air-Cooling-ESS-VE-215-920x1024.png 920w, https:\/\/bess-power.com\/wp-content\/uploads\/2023\/12\/1.-Cabinet-Air-Cooling-ESS-VE-215-768x855.png 768w, https:\/\/bess-power.com\/wp-content\/uploads\/2023\/12\/1.-Cabinet-Air-Cooling-ESS-VE-215-1380x1536.png 1380w, https:\/\/bess-power.com\/wp-content\/uploads\/2023\/12\/1.-Cabinet-Air-Cooling-ESS-VE-215-1840x2048.png 1840w\" sizes=\"(max-width: 270px) 100vw, 270px\" \/>\t\t\t\t\t\t\t\t\t\t\t\t\t\t\t<\/div>\n\t\t\t\t<\/div>\n\t\t\t\t<\/div>\n\t\t\t\t\t<\/div>\n\t\t\t\t<\/div>\n\t\t<div class=\"elementor-element elementor-element-5a94d05 e-flex e-con-boxed e-con e-parent\" data-id=\"5a94d05\" data-element_type=\"container\" data-e-type=\"container\">\n\t\t\t\t\t<div class=\"e-con-inner\">\n\t\t\t\t<div class=\"elementor-element elementor-element-6aa06d7 elementor-widget-divider--view-line_icon elementor-view-default elementor-widget-divider--element-align-center elementor-widget elementor-widget-divider\" data-id=\"6aa06d7\" data-element_type=\"widget\" data-e-type=\"widget\" data-widget_type=\"divider.default\">\n\t\t\t\t<div class=\"elementor-widget-container\">\n\t\t\t\t\t\t\t<div class=\"elementor-divider\">\n\t\t\t<span class=\"elementor-divider-separator\">\n\t\t\t\t\t\t\t<div class=\"elementor-icon elementor-divider__element\">\n\t\t\t\t\t<svg aria-hidden=\"true\" class=\"e-font-icon-svg e-fas-battery-full\" viewbox=\"0 0 640 512\" xmlns=\"http:\/\/www.w3.org\/2000\/svg\"><path d=\"M544 160v64h32v64h-32v64H64V160h480m16-64H48c-26.51 0-48 21.49-48 48v224c0 26.51 21.49 48 48 48h512c26.51 0 48-21.49 48-48v-16h8c13.255 0 24-10.745 24-24V184c0-13.255-10.745-24-24-24h-8v-16c0-26.51-21.49-48-48-48zm-48 96H96v128h416V192z\"><\/path><\/svg><\/div>\n\t\t\t\t\t\t<\/span>\n\t\t<\/div>\n\t\t\t\t\t\t<\/div>\n\t\t\t\t<\/div>\n\t\t\t\t\t<\/div>\n\t\t\t\t<\/div>\n\t\t<div class=\"elementor-element elementor-element-ce4708f e-flex e-con-boxed e-con e-parent\" data-id=\"ce4708f\" data-element_type=\"container\" data-e-type=\"container\">\n\t\t\t\t\t<div class=\"e-con-inner\">\n\t\t\t\t<div class=\"elementor-element elementor-element-4b499c7 elementor-widget elementor-widget-button\" data-id=\"4b499c7\" data-element_type=\"widget\" data-e-type=\"widget\" data-widget_type=\"button.default\">\n\t\t\t\t<div class=\"elementor-widget-container\">\n\t\t\t\t\t\t\t\t\t<div class=\"elementor-button-wrapper\">\n\t\t\t\t\t<a class=\"elementor-button elementor-button-link elementor-size-sm elementor-animation-grow\" href=\"https:\/\/bess-power.com\/en\/produkte\/\">\n\t\t\t\t\t\t<span class=\"elementor-button-content-wrapper\">\n\t\t\t\t\t\t\t\t\t<span class=\"elementor-button-text\">to our Products<\/span>\n\t\t\t\t\t<\/span>\n\t\t\t\t\t<\/a>\n\t\t\t\t<\/div>\n\t\t\t\t\t\t\t\t<\/div>\n\t\t\t\t<\/div>\n\t\t\t\t\t<\/div>\n\t\t\t\t<\/div>\n\t\t<div class=\"elementor-element elementor-element-5f4d622 e-flex e-con-boxed e-con e-parent\" data-id=\"5f4d622\" data-element_type=\"container\" data-e-type=\"container\">\n\t\t\t\t\t<div class=\"e-con-inner\">\n\t\t\t\t<div class=\"elementor-element elementor-element-be3e3ff elementor-widget-divider--view-line_icon elementor-view-default elementor-widget-divider--element-align-center elementor-widget elementor-widget-divider\" data-id=\"be3e3ff\" data-element_type=\"widget\" data-e-type=\"widget\" data-widget_type=\"divider.default\">\n\t\t\t\t<div class=\"elementor-widget-container\">\n\t\t\t\t\t\t\t<div class=\"elementor-divider\">\n\t\t\t<span class=\"elementor-divider-separator\">\n\t\t\t\t\t\t\t<div class=\"elementor-icon elementor-divider__element\">\n\t\t\t\t\t<svg aria-hidden=\"true\" class=\"e-font-icon-svg e-fas-battery-full\" viewbox=\"0 0 640 512\" xmlns=\"http:\/\/www.w3.org\/2000\/svg\"><path d=\"M544 160v64h32v64h-32v64H64V160h480m16-64H48c-26.51 0-48 21.49-48 48v224c0 26.51 21.49 48 48 48h512c26.51 0 48-21.49 48-48v-16h8c13.255 0 24-10.745 24-24V184c0-13.255-10.745-24-24-24h-8v-16c0-26.51-21.49-48-48-48zm-48 96H96v128h416V192z\"><\/path><\/svg><\/div>\n\t\t\t\t\t\t<\/span>\n\t\t<\/div>\n\t\t\t\t\t\t<\/div>\n\t\t\t\t<\/div>\n\t\t\t\t\t<\/div>\n\t\t\t\t<\/div>\n\t\t\t\t<\/div>","protected":false},"excerpt":{"rendered":"<p>Sicher und Zuverl\u00e4ssig Zugelassene Industriezertifizierung der Zelle durch UL\/IEC Mehrstufiges Design f\u00fcr Brandschutz Eingebautes Fr\u00fchwarnsystem IP 54 Bewertung f\u00fcr das Geh\u00e4use Effizient und Langlebig Branchenf\u00fchrende LFP-Zelltechnologie mit bis zu 10.000 Zyklen und hoher thermischer Stabilit\u00e4t Modulares Batterie- und K\u00fchlungssystem, das f\u00fcr eine bessere Temperaturkontrolle ausgelegt ist Verbesserte \u00dcberwachungssteuerung Integrierte Leistungssteuerung f\u00fcr lokale und remote \u00dcberwachung [&hellip;]<\/p>","protected":false},"author":1,"featured_media":0,"parent":0,"menu_order":0,"comment_status":"closed","ping_status":"closed","template":"","meta":{"ocean_post_layout":"full-screen","ocean_both_sidebars_style":"","ocean_both_sidebars_content_width":0,"ocean_both_sidebars_sidebars_width":0,"ocean_sidebar":"","ocean_second_sidebar":"","ocean_disable_margins":"enable","ocean_add_body_class":"","ocean_shortcode_before_top_bar":"","ocean_shortcode_after_top_bar":"","ocean_shortcode_before_header":"","ocean_shortcode_after_header":"","ocean_has_shortcode":"","ocean_shortcode_after_title":"","ocean_shortcode_before_footer_widgets":"","ocean_shortcode_after_footer_widgets":"","ocean_shortcode_before_footer_bottom":"","ocean_shortcode_after_footer_bottom":"","ocean_display_top_bar":"off","ocean_display_header":"default","ocean_header_style":"","ocean_center_header_left_menu":"","ocean_custom_header_template":"","ocean_custom_logo":0,"ocean_custom_retina_logo":0,"ocean_custom_logo_max_width":0,"ocean_custom_logo_tablet_max_width":0,"ocean_custom_logo_mobile_max_width":0,"ocean_custom_logo_max_height":0,"ocean_custom_logo_tablet_max_height":0,"ocean_custom_logo_mobile_max_height":0,"ocean_header_custom_menu":"","ocean_menu_typo_font_family":"","ocean_menu_typo_font_subset":"","ocean_menu_typo_font_size":0,"ocean_menu_typo_font_size_tablet":0,"ocean_menu_typo_font_size_mobile":0,"ocean_menu_typo_font_size_unit":"px","ocean_menu_typo_font_weight":"","ocean_menu_typo_font_weight_tablet":"","ocean_menu_typo_font_weight_mobile":"","ocean_menu_typo_transform":"","ocean_menu_typo_transform_tablet":"","ocean_menu_typo_transform_mobile":"","ocean_menu_typo_line_height":0,"ocean_menu_typo_line_height_tablet":0,"ocean_menu_typo_line_height_mobile":0,"ocean_menu_typo_line_height_unit":"","ocean_menu_typo_spacing":0,"ocean_menu_typo_spacing_tablet":0,"ocean_menu_typo_spacing_mobile":0,"ocean_menu_typo_spacing_unit":"","ocean_menu_link_color":"","ocean_menu_link_color_hover":"","ocean_menu_link_color_active":"","ocean_menu_link_background":"","ocean_menu_link_hover_background":"","ocean_menu_link_active_background":"","ocean_menu_social_links_bg":"","ocean_menu_social_hover_links_bg":"","ocean_menu_social_links_color":"","ocean_menu_social_hover_links_color":"","ocean_disable_title":"on","ocean_disable_heading":"default","ocean_post_title":"","ocean_post_subheading":"","ocean_post_title_style":"","ocean_post_title_background_color":"","ocean_post_title_background":0,"ocean_post_title_bg_image_position":"","ocean_post_title_bg_image_attachment":"","ocean_post_title_bg_image_repeat":"","ocean_post_title_bg_image_size":"","ocean_post_title_height":0,"ocean_post_title_bg_overlay":0.5,"ocean_post_title_bg_overlay_color":"","ocean_disable_breadcrumbs":"default","ocean_breadcrumbs_color":"","ocean_breadcrumbs_separator_color":"","ocean_breadcrumbs_links_color":"","ocean_breadcrumbs_links_hover_color":"","ocean_display_footer_widgets":"off","ocean_display_footer_bottom":"off","ocean_custom_footer_template":"","footnotes":""},"class_list":["post-6","page","type-page","status-publish","hentry","entry"],"_links":{"self":[{"href":"https:\/\/bess-power.com\/en\/wp-json\/wp\/v2\/pages\/6","targetHints":{"allow":["GET"]}}],"collection":[{"href":"https:\/\/bess-power.com\/en\/wp-json\/wp\/v2\/pages"}],"about":[{"href":"https:\/\/bess-power.com\/en\/wp-json\/wp\/v2\/types\/page"}],"author":[{"embeddable":true,"href":"https:\/\/bess-power.com\/en\/wp-json\/wp\/v2\/users\/1"}],"replies":[{"embeddable":true,"href":"https:\/\/bess-power.com\/en\/wp-json\/wp\/v2\/comments?post=6"}],"version-history":[{"count":10,"href":"https:\/\/bess-power.com\/en\/wp-json\/wp\/v2\/pages\/6\/revisions"}],"predecessor-version":[{"id":571,"href":"https:\/\/bess-power.com\/en\/wp-json\/wp\/v2\/pages\/6\/revisions\/571"}],"wp:attachment":[{"href":"https:\/\/bess-power.com\/en\/wp-json\/wp\/v2\/media?parent=6"}],"curies":[{"name":"wp","href":"https:\/\/api.w.org\/{rel}","templated":true}]}}